{"id":5560,"date":"2022-03-16T12:34:23","date_gmt":"2022-03-16T10:34:23","guid":{"rendered":"https:\/\/vathisthea.gr\/curiosites\/"},"modified":"2022-03-16T12:34:24","modified_gmt":"2022-03-16T10:34:24","slug":"curiosites","status":"publish","type":"page","link":"https:\/\/vathisthea.gr\/fr\/curiosites\/","title":{"rendered":"Curiosit\u00e9s"},"content":{"rendered":"<p><div id=\"home\"><div class=\"fusion-fullwidth fullwidth-box fusion-builder-row-1 fusion-flex-container fusion-parallax-none nonhundred-percent-fullwidth non-hundred-percent-height-scrolling\" style=\"background-color: rgba(0,0,0,0.3);background-image: url(&quot;https:\/\/vathisthea.gr\/wp-content\/uploads\/2021\/11\/kythnos02.jpg&quot;);background-position: center center;background-repeat: no-repeat;background-blend-mode: multiply;border-width: 0px 0px 0px 0px;border-color:#eae9e9;border-style:solid;-webkit-background-size:cover;-moz-background-size:cover;-o-background-size:cover;background-size:cover;\" ><div class=\"fusion-builder-row fusion-row fusion-flex-align-items-flex-start fusion-flex-justify-content-center\" style=\"max-width:95.68%;margin-left: calc(-4% \/ 2 );margin-right: calc(-4% \/ 2 );\"><div class=\"fusion-layout-column fusion_builder_column fusion-builder-column-0 fusion_builder_column_1_1 1_1 fusion-flex-column fusion-animated\" data-animationType=\"fadeIn\" data-animationDuration=\"1.0\" data-animationOffset=\"top-into-view\"><div class=\"fusion-column-wrapper fusion-flex-justify-content-flex-start fusion-content-layout-column\" style=\"background-position:left top;background-repeat:no-repeat;-webkit-background-size:cover;-moz-background-size:cover;-o-background-size:cover;background-size:cover;padding: 0px 0px 0px 0px;\"><style type=\"text\/css\">@media only screen and (max-width:1075px) {.fusion-title.fusion-title-1{margin-top:0px!important; margin-right:0px!important;margin-bottom:-8px!important;margin-left:0px!important;}}@media only screen and (max-width:640px) {.fusion-title.fusion-title-1{margin-top:0px!important; margin-right:0px!important;margin-bottom:!important; margin-left:0px!important;}}<\/style><div class=\"fusion-title title fusion-title-1 fusion-sep-none fusion-title-center fusion-title-text fusion-title-size-one\" style=\"margin-top:0px;margin-right:0px;margin-bottom:-8px;margin-left:0px;\"><h1 class=\"title-heading-center fusion-responsive-typography-calculated\" style=\"margin:0;color:#ffffff;--fontSize:60;line-height:1.12;\">Curiosit\u00e9s<\/h1><\/div><div class=\"fusion-separator fusion-full-width-sep\" style=\"align-self: center;margin-left: auto;margin-right: auto;margin-top:150px;width:100%;\"><\/div><\/div><style type=\"text\/css\">.fusion-body .fusion-builder-column-0{width:100% !important;margin-top : 0px;margin-bottom : 0px;}.fusion-builder-column-0 > .fusion-column-wrapper {padding-top : 0px !important;padding-right : 0px !important;margin-right : 1.92%;padding-bottom : 0px !important;padding-left : 0px !important;margin-left : 1.92%;}@media only screen and (max-width:1075px) {.fusion-body .fusion-builder-column-0{width:100% !important;}.fusion-builder-column-0 > .fusion-column-wrapper {margin-right : 1.92%;margin-left : 1.92%;}}@media only screen and (max-width:640px) {.fusion-body .fusion-builder-column-0{width:100% !important;}.fusion-builder-column-0 > .fusion-column-wrapper {margin-right : 1.92%;margin-left : 1.92%;}}<\/style><\/div><\/div><style type=\"text\/css\">.fusion-body .fusion-flex-container.fusion-builder-row-1{ padding-top : 200px;margin-top : 0px;padding-right : 10%;padding-bottom : 160px;margin-bottom : 0px;padding-left : 10%;}@media only screen and (max-width:1075px) {.fusion-body .fusion-flex-container.fusion-builder-row-1{ padding-top : 140px;}}@media only screen and (max-width:640px) {.fusion-body .fusion-flex-container.fusion-builder-row-1{ padding-top : 130px;padding-bottom : 80px;}}<\/style><\/div><\/div><div id=\"details\"><div class=\"fusion-fullwidth fullwidth-box fusion-builder-row-2 fusion-flex-container nonhundred-percent-fullwidth non-hundred-percent-height-scrolling\" style=\"background-color: rgba(255,255,255,0);background-position: center center;background-repeat: no-repeat;border-width: 0px 0px 0px 0px;border-color:#eae9e9;border-style:solid;\" ><div class=\"fusion-builder-row fusion-row fusion-flex-align-items-flex-start fusion-flex-justify-content-center\" style=\"max-width:95.68%;margin-left: calc(-4% \/ 2 );margin-right: calc(-4% \/ 2 );\"><div class=\"fusion-layout-column fusion_builder_column fusion-builder-column-1 fusion_builder_column_5_6 5_6 fusion-flex-column fusion-animated\" data-animationType=\"fadeInDown\" data-animationDuration=\"0.7\" data-animationOffset=\"top-into-view\"><div class=\"fusion-column-wrapper fusion-column-has-shadow fusion-flex-justify-content-flex-start fusion-content-layout-column\" style=\"background-position:left top;background-repeat:no-repeat;-webkit-background-size:cover;-moz-background-size:cover;-o-background-size:cover;background-size:cover;background-color:#ffffff;box-shadow:0px 0px 30px 0px rgba(0,0,0,0.1);;padding: 6% 10% 6% 10%;\"><div class=\"fusion-text fusion-text-1\"><p>L&rsquo;\u00eele de Kythnos pr\u00e9sente un int\u00e9r\u00eat arch\u00e9ologique assez particulier, bien que divers sites arch\u00e9ologiques d\u00e9j\u00e0 connus n&rsquo;aient pas encore \u00e9t\u00e9 fouill\u00e9s. <strong>Maroulas<\/strong>, au nord-est de l&rsquo;\u00eele, \u00e9tait le plus ancien \u00e9tablissement pr\u00e9historique des Cyclades. Ce c\u00f4t\u00e9 remonte \u00e0 la p\u00e9riode m\u00e9solithique (8.500 &#8211; 6.500 av. J.-C.). Les fouilles ont mis au jour de l\u00e9gers vestiges de constructions circulaires qui avaient peut-\u00eatre \u00e9t\u00e9 utilis\u00e9es comme r\u00e9sidences ; aussi, quelques s\u00e9pultures y ont \u00e9t\u00e9 trouv\u00e9es. Kythnos semble avoir jou\u00e9 un r\u00f4le important dans le d\u00e9veloppement de la m\u00e9tallurgie primitive. Un site important de la p\u00e9riode des Cyclades pr\u00e9coces (3e mill\u00e9naire avant J.-C.) a \u00e9t\u00e9 explor\u00e9 \u00e0 <strong>Skouries<\/strong>, une c\u00f4te abrupte du c\u00f4t\u00e9 nord-est de l&rsquo;\u00eele.<\/p>\n<p>Il existe de nombreux \u00e9tablissements de l&rsquo;\u00e9poque historique. Plusieurs <strong>tours<\/strong> circulaires et rectangulaires des \u00e2ges classiques se distinguent. L&rsquo;acropole fortifi\u00e9e, qui s&rsquo;appelle aujourd&rsquo;hui le <strong>ch\u00e2teau d&rsquo;Oria<\/strong>, se trouve sur le c\u00f4t\u00e9 escarp\u00e9 nord de l&rsquo;\u00eele. Cette acropole \u00e9tait la capitale de l&rsquo;\u00eele \u00e0 l&rsquo;\u00e9poque byzantine et l&rsquo;occupation latine ; mais il semble qu&rsquo;elle ait d\u00e9j\u00e0 \u00e9t\u00e9 habit\u00e9e depuis la pr\u00e9histoire. De l&rsquo;autre c\u00f4t\u00e9 de l&rsquo;\u00eele sur la c\u00f4te sud-ouest, il semble qu&rsquo;une autre acropole fortifi\u00e9e ait \u00e9t\u00e9 \u00e9tablie, <strong>Kastellas<\/strong>; il a \u00e9t\u00e9 fond\u00e9 aux premiers \u00e2ges historiques mais il a \u00e9t\u00e9 abandonn\u00e9 \u00e0 la fin de la p\u00e9riode archa\u00efque. L&rsquo;ancienne capitale de l&rsquo;\u00eele, qui est le c\u00f4t\u00e9 nord-ouest de l&rsquo;\u00eele et s&rsquo;appelle aujourd&rsquo;hui <strong>Vriokastro<\/strong>, s&rsquo;appelait Kythnos selon des sources anciennes.Les recherches en surface ont permis de mettre au jour de nombreuses d\u00e9couvertes et l&rsquo;urbanisme et l&rsquo;organisation r\u00e9sidentielle de la place forte ont \u00e9t\u00e9 clairement identifi\u00e9s. Selon les d\u00e9couvertes, cette ville a \u00e9t\u00e9 constamment habit\u00e9e depuis le 10\u00e8me si\u00e8cle avant JC. au 6\u00e8me si\u00e8cle apr\u00e8s JC La fouille sous-marine de l&rsquo;ancien port (baie de Mandraki) de 2005 \u00e0 cette date est men\u00e9e par l&rsquo;Universit\u00e9 de Thessalie sous les auspices de l&rsquo;Inspection des Antiquit\u00e9s Marines. En outre, deux statues en marbre de la p\u00e9riode romaine et des parties du mur fortifi\u00e9 c\u00f4tier ont \u00e9t\u00e9 trouv\u00e9es.<\/p>\n<p>Au sommet de l&rsquo;Acropole se trouve un important sanctuaire d\u00e9di\u00e9 \u00e0 Demetra ; il \u00e9tait en usage \u00e0 partir du 8\u00e8me si\u00e8cle avant JC. au 1er si\u00e8cle apr\u00e8s J.-C. A un niveau inf\u00e9rieur, une ouverture oblongue large et plate se forme le long de la cr\u00eate. Deux structures rectangulaires monumentales s&rsquo;y trouvent, il s&rsquo;agit peut-\u00eatre de temples datant du IVe ou IIIe si\u00e8cle av. Un autre sanctuaire se trouve sur la partie nord de cette ouverture. Les fouilles de l&rsquo;Universit\u00e9 de Thessalie, men\u00e9es sous les auspices de la 21e Inspection de 2002 \u00e0 ce jour, ont conduit \u00e0 d&rsquo;importantes d\u00e9couvertes. Les d\u00e9couvertes remontent \u00e0 l&rsquo;archa\u00efque jusqu&rsquo;\u00e0 l&rsquo;\u00e9poque hell\u00e9nistique. Deux autels construits et \u00e0 c\u00f4t\u00e9 d&rsquo;eux un temple jumeau qui a probablement \u00e9t\u00e9 construit au d\u00e9but des \u00e2ges archa\u00efques (7\u00e8me si\u00e8cle B.B.). L&rsquo;adytum du temple a \u00e9t\u00e9 retrouv\u00e9 intact avec les nombreuses offrandes en place. Ce sont pour la plupart des bijoux et des offrandes moins chers qui datent des \u00e2ges archa\u00efques. L&rsquo;identit\u00e9 des dieux v\u00e9n\u00e9r\u00e9s reste incertaine, malgr\u00e9 le fait qu&rsquo;il existe des indications que le sanctuaire \u00e9tait d\u00e9di\u00e9 \u00e0 Apollon et Art\u00e9mis. Jusqu&rsquo;\u00e0 pr\u00e9sent, l&rsquo;ancienne Kythnos \u00e9tait consid\u00e9r\u00e9e comme plut\u00f4t pauvre ; ce point de vue s&rsquo;\u00e9tait produit \u00e0 partir de preuves philologiques et inscrites limit\u00e9es. Mais la richesse ainsi que la provenance vari\u00e9e et exotique des d\u00e9couvertes conduisent \u00e0 une r\u00e9vision de ce point de vue.<\/p>\n<p>Le site le plus important \u00e0 l&rsquo;\u00e9poque est Vryokastro de Rigokastro, comme on l&rsquo;appelle aujourd&rsquo;hui ; c&rsquo;est sur le c\u00f4t\u00e9 nord-est de l&rsquo;\u00eele et selon les sources anciennes, il s&rsquo;appelait Kythnos. Les recherches de surface en 1990 \u2013 1995 ont mis au jour de nombreuses d\u00e9couvertes et l&rsquo;urbanisme et l&rsquo;organisation r\u00e9sidentielle de la ville ont \u00e9t\u00e9 clairement identifi\u00e9s. Selon les d\u00e9couvertes, il a \u00e9t\u00e9 constamment habit\u00e9 depuis le 10\u00e8me si\u00e8cle avant JC. au 6\u00e8me &#8211; 7\u00e8me si\u00e8cle apr\u00e8s JC Parmi les nombreuses d\u00e9couvertes, il y a des bas-reliefs s\u00e9pulcraux, des sculptures, des inscriptions de d\u00e9couvertes architecturales, des \u00e9clats de jarres archa\u00efques avec des bas-reliefs, la poterie attique des \u00e2ges archa\u00efques et classiques, des poign\u00e9es scell\u00e9es d&rsquo;amphores commerciales, etc. au. Compte tenu de la poterie de surface, la ville a \u00e9t\u00e9 abandonn\u00e9e au 6\u00e8me ou 7\u00e8me si\u00e8cle apr\u00e8s JC lorsque les habitants ont d\u00e9m\u00e9nag\u00e9 dans la colonie fortifi\u00e9e du ch\u00e2teau d&rsquo;Oria.<\/p>\n<p>Les recherches sous-marines et les fouilles de l&rsquo;ancien port de Vryokastro dans la baie de Mandraki ont commenc\u00e9 en 2005 et sont toujours en cours. Au fond de la mer, les fondations des murs c\u00f4tiers ont \u00e9t\u00e9 localis\u00e9es. A cela s&rsquo;ajoute une digue de 100 m\u00e8tres de long qui fixe au sud l&rsquo;entr\u00e9e du port. L&rsquo;ensemble du bassin et les b\u00e2timents trouv\u00e9s sur le rivage et sous l&rsquo;eau ont \u00e9t\u00e9 imprim\u00e9s. En 2007, l&rsquo;un d&rsquo;entre eux a fait l&rsquo;objet de fouilles ; il fait probablement partie du mur fortifi\u00e9 c\u00f4tier coul\u00e9. Les fouilles de 2008 et 2009 ont mis au jour du fond de la mer d&rsquo;importantes statues de marbre de l&rsquo;\u00e9poque romaine, parmi lesquelles un torse en armure du Ier si\u00e8cle av. et trois aciers herma\u00efques du 2\u00e8me si\u00e8cle A.D.<\/p>\n<p>Le nombre et le type de d\u00e9couvertes (figurines en terre cuite de femmes &#8211; porteurs d&rsquo;urnes &#8211; enfants, divers appareils d&rsquo;\u00e9clairage, objets elefsiniens) ainsi que les inscriptions trouv\u00e9es au sanctuaire de Demetra \u00e0 Elefsinia permettent de conclure en toute s\u00e9curit\u00e9 que le sanctuaire \u00e9tait d\u00e9di\u00e9 \u00e0 Demetra. Les d\u00e9couvertes arch\u00e9ologiques dans la r\u00e9gion de Maroylas, t\u00e9moignent que l&rsquo;\u00eele a \u00e9t\u00e9 habit\u00e9e pendant la p\u00e9riode de la saison m\u00e9solithique (9.000 \u2013 8.000 av. J.-C.). Les arch\u00e9ologues ont mis au jour des habitations circulaires et des tombes, tandis que les d\u00e9couvertes comprenaient un squelette humain et un certain nombre d&rsquo;outils en pierre fabriqu\u00e9s \u00e0 partir de pierre \u00e0 feu, de quartz et d&rsquo;obsidienne. Le site est le seul site m\u00e9solithique \u00e0 ciel ouvert connu en Gr\u00e8ce.<\/p>\n<\/div><\/div><style type=\"text\/css\">.fusion-body .fusion-builder-column-1{width:83.333333333333% !important;margin-top : 0px;margin-bottom : 0px;}.fusion-builder-column-1 > .fusion-column-wrapper {padding-top : 6% !important;padding-right : 10% !important;margin-right : 2.304%;padding-bottom : 6% !important;padding-left : 10% !important;margin-left : 2.304%;}@media only screen and (max-width:1075px) {.fusion-body .fusion-builder-column-1{width:100% !important;order : 0;}.fusion-builder-column-1 > .fusion-column-wrapper {margin-right : 1.92%;margin-left : 1.92%;}}@media only screen and (max-width:640px) {.fusion-body .fusion-builder-column-1{width:100% !important;order : 0;}.fusion-builder-column-1 > .fusion-column-wrapper {margin-right : 1.92%;margin-left : 1.92%;}}<\/style><\/div><\/div><style type=\"text\/css\">.fusion-body .fusion-flex-container.fusion-builder-row-2{ padding-top : 4%;margin-top : -150px;padding-right : 10%;padding-bottom : 4%;margin-bottom : 0px;padding-left : 10%;}<\/style><\/div><\/div><div class=\"fusion-fullwidth fullwidth-box fusion-builder-row-3 fusion-flex-container hundred-percent-fullwidth non-hundred-percent-height-scrolling\" style=\"background-color: #ffffff;background-position: center center;background-repeat: no-repeat;border-width: 0px 0px 0px 0px;border-color:#eae9e9;border-style:solid;\" ><div class=\"fusion-builder-row fusion-row fusion-flex-align-items-flex-start\" style=\"width:104% !important;max-width:104% !important;margin-left: calc(-4% \/ 2 );margin-right: calc(-4% \/ 2 );\"><div class=\"fusion-layout-column fusion_builder_column fusion-builder-column-2 fusion_builder_column_1_1 1_1 fusion-flex-column\"><div class=\"fusion-column-wrapper fusion-flex-justify-content-flex-start fusion-content-layout-column\" style=\"background-position:left top;background-repeat:no-repeat;-webkit-background-size:cover;-moz-background-size:cover;-o-background-size:cover;background-size:cover;padding: 0px 0px 0px 0px;\"><div class=\"fusion-text fusion-text-2\">\n\t\t<!-- MasterSlider -->\n\t\t<div id=\"P_MS69f27764c1c04\" class=\"master-slider-parent ms-parent-id-19\" style=\"max-width:100%;\" >\n\n\t\t\t\n\t\t\t<!-- MasterSlider Main -->\n\t\t\t<div id=\"MS69f27764c1c04\" class=\"master-slider ms-skin-default\" >\n\t\t\t\t \t\t\t\t \n\n\t\t\t<div  class=\"ms-slide\" data-delay=\"3\" data-fill-mode=\"fill\"   >\n\t\t\t\t\t<img decoding=\"async\" src=\"https:\/\/vathisthea.gr\/wp-content\/plugins\/masterslider\/public\/assets\/css\/blank.gif\" alt=\"\" title=\"\" data-src=\"https:\/\/vathisthea.gr\/wp-content\/uploads\/2021\/11\/agia-eleousa.jpg\" \/>\n\n\n\t\t\t\t<\/div>\n\t\t\t<div  class=\"ms-slide\" data-delay=\"3\" data-fill-mode=\"fill\"   >\n\t\t\t\t\t<img decoding=\"async\" src=\"https:\/\/vathisthea.gr\/wp-content\/plugins\/masterslider\/public\/assets\/css\/blank.gif\" alt=\"\" title=\"\" data-src=\"https:\/\/vathisthea.gr\/wp-content\/uploads\/2021\/11\/vriokastro.jpg\" \/>\n\n\n\t\t\t\t<\/div>\n\t\t\t<div  class=\"ms-slide\" data-delay=\"3\" data-fill-mode=\"fill\"   >\n\t\t\t\t\t<img decoding=\"async\" src=\"https:\/\/vathisthea.gr\/wp-content\/plugins\/masterslider\/public\/assets\/css\/blank.gif\" alt=\"\" title=\"\" data-src=\"https:\/\/vathisthea.gr\/wp-content\/uploads\/2021\/11\/vriokastraki.jpg\" \/>\n\n\n\t\t\t\t<\/div>\n\t\t\t<div  class=\"ms-slide\" data-delay=\"3\" data-fill-mode=\"fill\"   >\n\t\t\t\t\t<img decoding=\"async\" src=\"https:\/\/vathisthea.gr\/wp-content\/plugins\/masterslider\/public\/assets\/css\/blank.gif\" alt=\"\" title=\"\" data-src=\"https:\/\/vathisthea.gr\/wp-content\/uploads\/2021\/11\/kastro-orias.jpg\" \/>\n\n\n\t\t\t\t<\/div>\n\t\t\t<div  class=\"ms-slide\" data-delay=\"3\" data-fill-mode=\"fill\"   >\n\t\t\t\t\t<img decoding=\"async\" src=\"https:\/\/vathisthea.gr\/wp-content\/plugins\/masterslider\/public\/assets\/css\/blank.gif\" alt=\"\" title=\"\" data-src=\"https:\/\/vathisthea.gr\/wp-content\/uploads\/2021\/11\/ypovrixies-erevnes.jpg\" \/>\n\n\n\t\t\t\t<\/div>\n\n\t\t\t<\/div>\n\t\t\t<!-- END MasterSlider Main -->\n\n\t\t\t \n\t\t<\/div>\n\t\t<!-- END MasterSlider -->\n\n\t\t<script>\n\t\t( window.MSReady = window.MSReady || [] ).push( function( $ ) {\n\n\t\t\t\"use strict\";\n\t\t\tvar masterslider_1c04 = new MasterSlider();\n\n\t\t\t\/\/ slider controls\n\t\t\tmasterslider_1c04.control('arrows'     ,{ autohide:false, overVideo:true  });\n\t\t\t\/\/ slider setup\n\t\t\tmasterslider_1c04.setup(\"MS69f27764c1c04\", {\n\t\t\t\twidth           : 960,\n\t\t\t\theight          : 640,\n\t\t\t\tminHeight       : 0,\n\t\t\t\tspace           : 10,\n\t\t\t\tstart           : 1,\n\t\t\t\tgrabCursor      : true,\n\t\t\t\tswipe           : true,\n\t\t\t\tmouse           : true,\n\t\t\t\tkeyboard        : false,\n\t\t\t\tlayout          : \"partialview\",\n\t\t\t\twheel           : false,\n\t\t\t\tautoplay        : false,\n                instantStartLayers:false,\n\t\t\t\tmobileBGVideo:false,\n\t\t\t\tloop            : true,\n\t\t\t\tshuffle         : false,\n\t\t\t\tpreload         : 7,\n\t\t\t\theightLimit     : true,\n\t\t\t\tautoHeight      : false,\n\t\t\t\tsmoothHeight    : true,\n\t\t\t\tendPause        : false,\n\t\t\t\toverPause       : true,\n\t\t\t\tfillMode        : \"fill\",\n\t\t\t\tcenterControls  : true,\n\t\t\t\tstartOnAppear   : false,\n\t\t\t\tlayersMode      : \"center\",\n\t\t\t\tautofillTarget  : \"\",\n\t\t\t\thideLayers      : false,\n\t\t\t\tfullscreenMargin: 0,\n\t\t\t\tspeed           : 20,\n\t\t\t\tdir             : \"h\",\n\t\t\t\tresponsive      : true,\n\t\t\t\ttabletWidth     : 768,\n\t\t\t\ttabletHeight    : null,\n\t\t\t\tphoneWidth      : 480,\n\t\t\t\tphoneHeight    : null,\n\t\t\t\tsizingReference : window,\n\t\t\t\tparallaxMode    : 'swipe',\n\t\t\t\tview            : \"fadeBasic\"\n\t\t\t});\n\n\t\t\t\n\t\t\twindow.masterslider_instances = window.masterslider_instances || [];\n\t\t\twindow.masterslider_instances.push( masterslider_1c04 );\n\t\t});\n\t\t<\/script>\n\n\n<\/div><\/div><style type=\"text\/css\">.fusion-body .fusion-builder-column-2{width:100% !important;margin-top : 0px;margin-bottom : 0px;}.fusion-builder-column-2 > .fusion-column-wrapper {padding-top : 0px !important;padding-right : 0px !important;margin-right : 1.92%;padding-bottom : 0 !important;padding-left : 0px !important;margin-left : 1.92%;}@media only screen and (max-width:1075px) {.fusion-body .fusion-builder-column-2{width:100% !important;order : 0;}.fusion-builder-column-2 > .fusion-column-wrapper {margin-right : 1.92%;margin-left : 1.92%;}}@media only screen and (max-width:640px) {.fusion-body .fusion-builder-column-2{width:100% !important;order : 0;}.fusion-builder-column-2 > .fusion-column-wrapper {margin-right : 1.92%;margin-left : 1.92%;}}<\/style><\/div><\/div><style type=\"text\/css\">.fusion-body .fusion-flex-container.fusion-builder-row-3{ padding-top : 4%;margin-top : 0px;padding-right : 0px;padding-bottom : 0px;margin-bottom : 0;padding-left : 0px;}<\/style><\/div><\/p>\n","protected":false},"excerpt":{"rendered":"","protected":false},"author":2,"featured_media":0,"parent":0,"menu_order":0,"comment_status":"closed","ping_status":"closed","template":"100-width.php","meta":{"footnotes":""},"class_list":["post-5560","page","type-page","status-publish","hentry"],"_links":{"self":[{"href":"https:\/\/vathisthea.gr\/fr\/wp-json\/wp\/v2\/pages\/5560","targetHints":{"allow":["GET"]}}],"collection":[{"href":"https:\/\/vathisthea.gr\/fr\/wp-json\/wp\/v2\/pages"}],"about":[{"href":"https:\/\/vathisthea.gr\/fr\/wp-json\/wp\/v2\/types\/page"}],"author":[{"embeddable":true,"href":"https:\/\/vathisthea.gr\/fr\/wp-json\/wp\/v2\/users\/2"}],"replies":[{"embeddable":true,"href":"https:\/\/vathisthea.gr\/fr\/wp-json\/wp\/v2\/comments?post=5560"}],"version-history":[{"count":2,"href":"https:\/\/vathisthea.gr\/fr\/wp-json\/wp\/v2\/pages\/5560\/revisions"}],"predecessor-version":[{"id":5562,"href":"https:\/\/vathisthea.gr\/fr\/wp-json\/wp\/v2\/pages\/5560\/revisions\/5562"}],"wp:attachment":[{"href":"https:\/\/vathisthea.gr\/fr\/wp-json\/wp\/v2\/media?parent=5560"}],"curies":[{"name":"wp","href":"https:\/\/api.w.org\/{rel}","templated":true}]}}