{"id":4830,"date":"2022-01-18T17:38:54","date_gmt":"2022-01-18T15:38:54","guid":{"rendered":"https:\/\/new.vathisthea.gr\/attrazioni\/"},"modified":"2022-01-18T17:39:01","modified_gmt":"2022-01-18T15:39:01","slug":"attrazioni","status":"publish","type":"page","link":"https:\/\/vathisthea.gr\/it\/attrazioni\/","title":{"rendered":"Attrazioni"},"content":{"rendered":"<p><div id=\"home\"><div class=\"fusion-fullwidth fullwidth-box fusion-builder-row-1 fusion-flex-container fusion-parallax-none nonhundred-percent-fullwidth non-hundred-percent-height-scrolling\" style=\"background-color: rgba(0,0,0,0.3);background-image: url(&quot;https:\/\/vathisthea.gr\/wp-content\/uploads\/2021\/11\/kythnos02.jpg&quot;);background-position: center center;background-repeat: no-repeat;background-blend-mode: multiply;border-width: 0px 0px 0px 0px;border-color:#eae9e9;border-style:solid;-webkit-background-size:cover;-moz-background-size:cover;-o-background-size:cover;background-size:cover;\" ><div class=\"fusion-builder-row fusion-row fusion-flex-align-items-flex-start fusion-flex-justify-content-center\" style=\"max-width:95.68%;margin-left: calc(-4% \/ 2 );margin-right: calc(-4% \/ 2 );\"><div class=\"fusion-layout-column fusion_builder_column fusion-builder-column-0 fusion_builder_column_1_1 1_1 fusion-flex-column fusion-animated\" data-animationType=\"fadeIn\" data-animationDuration=\"1.0\" data-animationOffset=\"top-into-view\"><div class=\"fusion-column-wrapper fusion-flex-justify-content-flex-start fusion-content-layout-column\" style=\"background-position:left top;background-repeat:no-repeat;-webkit-background-size:cover;-moz-background-size:cover;-o-background-size:cover;background-size:cover;padding: 0px 0px 0px 0px;\"><style type=\"text\/css\">@media only screen and (max-width:1075px) {.fusion-title.fusion-title-1{margin-top:0px!important; margin-right:0px!important;margin-bottom:-8px!important;margin-left:0px!important;}}@media only screen and (max-width:640px) {.fusion-title.fusion-title-1{margin-top:0px!important; margin-right:0px!important;margin-bottom:!important; margin-left:0px!important;}}<\/style><div class=\"fusion-title title fusion-title-1 fusion-sep-none fusion-title-center fusion-title-text fusion-title-size-one\" style=\"margin-top:0px;margin-right:0px;margin-bottom:-8px;margin-left:0px;\"><h1 class=\"title-heading-center fusion-responsive-typography-calculated\" style=\"margin:0;color:#ffffff;--fontSize:60;line-height:1.12;\">Attrazioni<\/h1><\/div><div class=\"fusion-separator fusion-full-width-sep\" style=\"align-self: center;margin-left: auto;margin-right: auto;margin-top:150px;width:100%;\"><\/div><\/div><style type=\"text\/css\">.fusion-body .fusion-builder-column-0{width:100% !important;margin-top : 0px;margin-bottom : 0px;}.fusion-builder-column-0 > .fusion-column-wrapper {padding-top : 0px !important;padding-right : 0px !important;margin-right : 1.92%;padding-bottom : 0px !important;padding-left : 0px !important;margin-left : 1.92%;}@media only screen and (max-width:1075px) {.fusion-body .fusion-builder-column-0{width:100% !important;}.fusion-builder-column-0 > .fusion-column-wrapper {margin-right : 1.92%;margin-left : 1.92%;}}@media only screen and (max-width:640px) {.fusion-body .fusion-builder-column-0{width:100% !important;}.fusion-builder-column-0 > .fusion-column-wrapper {margin-right : 1.92%;margin-left : 1.92%;}}<\/style><\/div><\/div><style type=\"text\/css\">.fusion-body .fusion-flex-container.fusion-builder-row-1{ padding-top : 200px;margin-top : 0px;padding-right : 10%;padding-bottom : 160px;margin-bottom : 0px;padding-left : 10%;}@media only screen and (max-width:1075px) {.fusion-body .fusion-flex-container.fusion-builder-row-1{ padding-top : 140px;}}@media only screen and (max-width:640px) {.fusion-body .fusion-flex-container.fusion-builder-row-1{ padding-top : 130px;padding-bottom : 80px;}}<\/style><\/div><\/div><div id=\"details\"><div class=\"fusion-fullwidth fullwidth-box fusion-builder-row-2 fusion-flex-container nonhundred-percent-fullwidth non-hundred-percent-height-scrolling\" style=\"background-color: rgba(255,255,255,0);background-position: center center;background-repeat: no-repeat;border-width: 0px 0px 0px 0px;border-color:#eae9e9;border-style:solid;\" ><div class=\"fusion-builder-row fusion-row fusion-flex-align-items-flex-start fusion-flex-justify-content-center\" style=\"max-width:95.68%;margin-left: calc(-4% \/ 2 );margin-right: calc(-4% \/ 2 );\"><div class=\"fusion-layout-column fusion_builder_column fusion-builder-column-1 fusion_builder_column_5_6 5_6 fusion-flex-column fusion-animated\" data-animationType=\"fadeInDown\" data-animationDuration=\"0.7\" data-animationOffset=\"top-into-view\"><div class=\"fusion-column-wrapper fusion-column-has-shadow fusion-flex-justify-content-flex-start fusion-content-layout-column\" style=\"background-position:left top;background-repeat:no-repeat;-webkit-background-size:cover;-moz-background-size:cover;-o-background-size:cover;background-size:cover;background-color:#ffffff;box-shadow:0px 0px 30px 0px rgba(0,0,0,0.1);;padding: 6% 10% 6% 10%;\"><div class=\"fusion-text fusion-text-1\"><p>L\u2019isola di Kythnos ha un interesse archeologico piuttosto speciale, sebbene vari siti archeologici gi\u00e0 noti non siano ancora stati scavati. <strong>Maroulas<\/strong>, sul lato nord orientale dell\u2019isola, era il pi\u00f9 antico stabilimento preistorico delle Cicladi. Questa parte risale al periodo mesolitico (8.500 \u2013 6.500 a.C.). Gli scavi hanno portato alla luce resti di costruzioni circolari che erano state probabilmente utilizzate come residenze; inoltre, vi furono trovate alcune tombe. Kythnos sembra aver giocato un ruolo importante nello sviluppo della prima metallurgia. Un importante sito del primo periodo delle Cicladi (3 \u00b0 millennio a.C.) fu esplorato a <strong>Skouries<\/strong>, una costa ripida nel nord-est dell\u2019isola.<\/p>\n<p>Ci sono molti stabilimenti di epoche storiche. Spiccano diverse <strong>torri<\/strong>circolari e rettangolari di epoca classica. L\u2019acropoli fortificata, che oggi si chiama <strong>Castello di Oria<\/strong>, si trova sul ripido versante nord dell\u2019isola. Quell\u2019acropoli era la capitale dell\u2019isola durante il periodo bizantino e l\u2019occupazione latina; ma sembra che fosse gi\u00e0 stata abitata sin dalla preistoria. Dall\u2019altra parte dell\u2019isola, sulla costa sud-occidentale, sembra che sia stata eretta un\u2019altra acropoli fortificata, <strong>Kastellas<\/strong>; fu fondata nei primi periodi storici ma fu abbandonata alla fine del periodo arcaico. L\u2019antica capitale dell\u2019isola, che \u00e8 sul lato nord-ovest dell\u2019isola e si chiama oggi <strong>Vriokastro<\/strong>, era chiamata Kythnos secondo fonti antiche.La ricerca di superficie ha portato alla luce numerosi risultati e l\u2019urbanistica e l\u2019organizzazione residenziale della citt\u00e0 fortificata sono state chiaramente identificate. Secondo i risultati, quella citt\u00e0 fu costantemente abitata dal X secolo a.C. fino al VI secolo d.C. Lo scavo sottomarino dell\u2019antico porto (baia di Mandraki) dal 2005 a questa data \u00e8 condotto dall\u2019Universit\u00e0 della Tessaglia sotto l\u2019egida dell\u2019Ispettorato delle Antichit\u00e0 Marine. Inoltre, sono state rinvenute due statue in marmo di epoca romana e parti del muro fortificato costiero.<\/p>\n<p>Nella parte superiore dell\u2019Acropoli c\u2019\u00e8 un importante santuario dedicato a Demetra; era in uso dall\u2019VIII secolo a.C. al I secolo d.C. Ad un livello inferiore, nell\u2019altopiano allungato formato lungo la cresta, vi si trovano due monumentali strutture rettangolari, possibilmente templii risalenti al IV o III secolo a.C. Un altro santuario si trova nella parte settentrionale di questa apertura. Gli scavi dell\u2019Universit\u00e0 della Tessaglia, condotti sotto l\u2019auspicio del 21 \u00b0 ispettorato dal 2002 fino oggi, hanno portato a importanti scoperte. Le scoperte risalgono all\u2019arcaico fino all\u2019et\u00e0 ellenistica. Due altari costruiti e accanto a loro un tempio gemello che fu probabilmente costruito nei primi periodi arcaici (VII secolo a.C.). L\u2019adyton del tempio \u00e8 stato trovato intatto con le numerose offerte in atto. Queste sono principalmente gioielli e altre offerte risalenti principalmente ai tempi arcaici. L\u2019identit\u00e0 degli dei adorati rimane poco chiara, nonostante ci siano indicazioni che il santuario fosse dedicato ad Apollo e Artemide. La ricchezza e le origini varie ed esotiche dei risultati portano a una revisione della relativa immagine di povert\u00e0 che avevamo formato dell\u2019antica Kythnos, che, ad oggi, era emersa dalle scarse prove letterarie ed epigrafiche disponibili.<\/p>\n<p>Il sito pi\u00f9 importante \u00e8 Vryokastro di Rigokastro, come viene chiamato oggi; si trova sul lato nord-est dell\u2019isola e secondo le antiche fonti si chiamava Kythnos. La ricerca sulla superficie del 1990-1995 ha portato alla luce numerosi risultati e l\u2019urbanistica e l\u2019organizzazione residenziale della citt\u00e0 sono state chiaramente identificate. Secondo le scoperte fu costantemente abitata dal X secolo a.C. al VI \u2013 VII secolo d.C. Tra i numerosi reperti, ci sono lapidi, sculture, iscrizioni di reperti architettonici, frammenti di vasi arcaici con decorazione in rilievo, ceramiche attiche di et\u00e0 arcaica e classica, maniglie sigillate di anfore commerciali e cos\u00ec via su. Tenendo conto delle terraglie di superficie, la citt\u00e0 fu abbandonata nel VI o VII secolo d.C. quando i residenti si trasferirono nell\u2019insediamento fortificato del Castello di Oria.<\/p>\n<p>Le ricerche subacquee e lo scavo dell\u2019antico porto di Vryokastro nella baia di Mandraki sono iniziati nel 2005 e sono ancora in corso. Sul fondo del mare sono state individuate le basi delle mura costiere. Inoltre, un frangiflutti di 100 metri di lunghezza che segnava l\u2019ingresso meridionale del porto. L\u2019intero bacino e gli edifici trovati sulla riva e sott\u2019acqua sono stati impressi. Nel 2007 \u00e8 iniziato lo scavo di uno di essi, che \u00e8 probabilmente identificato con una parte del muro di fortificazione costiera sommerso. Gli scavi del 2008 e del 2009 hanno portato alla luce importanti statue in marmo di epoca romana, tra cui un molo per armature del I secolo. BC e tre colonne ermiche del II secolo d.C. Nella parte superiore della cittadella si trova un santuario dominante, che, secondo i ritrovamenti superficiali, \u00e8 in uso dalla fine dell\u2019VIII secolo a.C. c. fino al 1 d.C. c. Sono visibili i resti di almeno quattro edifici (edifici 1-4) e possibilmente un altare.<\/p>\n<p>Il numero e il tipo di reperti (figurine di terracotta di donne \u2013 facchini \u2013 bambini, vari apparecchi illuminanti, oggetti elefini) nonch\u00e9 le iscrizioni trovate nel santuario di Demetra a Elefsinia giungono alla conclusione che il santuario era dedicato a Demetra. Reperti archeologici nell\u2019area di Maroulas di Kythnos indicano che l\u2019isola fu abitata durante il periodo mesolitico (9.000 \u2013 8.000 a.C.). Ad oggi sono stati conservati molti reperti provenienti dall\u2019insediamento all\u2019aperto utilizzato come stazione di rifornimento o base di rifornimento. Gli scavi hanno scoperto case circolari archeologiche, tombe e uno scheletro umano vicino al quale sono stati trovati strumenti in pietra di selce, quarzo e ossidiana. L\u2019insediamento \u00e8 l\u2019unica area all\u2019aperto di quel periodo trovata in Grecia.<\/p>\n<\/div><\/div><style type=\"text\/css\">.fusion-body .fusion-builder-column-1{width:83.333333333333% !important;margin-top : 0px;margin-bottom : 0px;}.fusion-builder-column-1 > .fusion-column-wrapper {padding-top : 6% !important;padding-right : 10% !important;margin-right : 2.304%;padding-bottom : 6% !important;padding-left : 10% !important;margin-left : 2.304%;}@media only screen and (max-width:1075px) {.fusion-body .fusion-builder-column-1{width:100% !important;order : 0;}.fusion-builder-column-1 > .fusion-column-wrapper {margin-right : 1.92%;margin-left : 1.92%;}}@media only screen and (max-width:640px) {.fusion-body .fusion-builder-column-1{width:100% !important;order : 0;}.fusion-builder-column-1 > .fusion-column-wrapper {margin-right : 1.92%;margin-left : 1.92%;}}<\/style><\/div><\/div><style type=\"text\/css\">.fusion-body .fusion-flex-container.fusion-builder-row-2{ padding-top : 4%;margin-top : -150px;padding-right : 10%;padding-bottom : 4%;margin-bottom : 0px;padding-left : 10%;}<\/style><\/div><\/div><div class=\"fusion-fullwidth fullwidth-box fusion-builder-row-3 fusion-flex-container hundred-percent-fullwidth non-hundred-percent-height-scrolling\" style=\"background-color: #ffffff;background-position: center center;background-repeat: no-repeat;border-width: 0px 0px 0px 0px;border-color:#eae9e9;border-style:solid;\" ><div class=\"fusion-builder-row fusion-row fusion-flex-align-items-flex-start\" style=\"width:104% !important;max-width:104% !important;margin-left: calc(-4% \/ 2 );margin-right: calc(-4% \/ 2 );\"><div class=\"fusion-layout-column fusion_builder_column fusion-builder-column-2 fusion_builder_column_1_1 1_1 fusion-flex-column\"><div class=\"fusion-column-wrapper fusion-flex-justify-content-flex-start fusion-content-layout-column\" style=\"background-position:left top;background-repeat:no-repeat;-webkit-background-size:cover;-moz-background-size:cover;-o-background-size:cover;background-size:cover;padding: 0px 0px 0px 0px;\"><div class=\"fusion-text fusion-text-2\">\n\t\t<!-- MasterSlider -->\n\t\t<div id=\"P_MS69e4df51a29b4\" class=\"master-slider-parent ms-parent-id-19\" style=\"max-width:100%;\" >\n\n\t\t\t\n\t\t\t<!-- MasterSlider Main -->\n\t\t\t<div id=\"MS69e4df51a29b4\" class=\"master-slider ms-skin-default\" >\n\t\t\t\t \t\t\t\t \n\n\t\t\t<div  class=\"ms-slide\" data-delay=\"3\" data-fill-mode=\"fill\"   >\n\t\t\t\t\t<img decoding=\"async\" src=\"https:\/\/vathisthea.gr\/wp-content\/plugins\/masterslider\/public\/assets\/css\/blank.gif\" alt=\"\" title=\"\" data-src=\"https:\/\/vathisthea.gr\/wp-content\/uploads\/2021\/11\/agia-eleousa.jpg\" \/>\n\n\n\t\t\t\t<\/div>\n\t\t\t<div  class=\"ms-slide\" data-delay=\"3\" data-fill-mode=\"fill\"   >\n\t\t\t\t\t<img decoding=\"async\" src=\"https:\/\/vathisthea.gr\/wp-content\/plugins\/masterslider\/public\/assets\/css\/blank.gif\" alt=\"\" title=\"\" data-src=\"https:\/\/vathisthea.gr\/wp-content\/uploads\/2021\/11\/vriokastro.jpg\" \/>\n\n\n\t\t\t\t<\/div>\n\t\t\t<div  class=\"ms-slide\" data-delay=\"3\" data-fill-mode=\"fill\"   >\n\t\t\t\t\t<img decoding=\"async\" src=\"https:\/\/vathisthea.gr\/wp-content\/plugins\/masterslider\/public\/assets\/css\/blank.gif\" alt=\"\" title=\"\" data-src=\"https:\/\/vathisthea.gr\/wp-content\/uploads\/2021\/11\/vriokastraki.jpg\" \/>\n\n\n\t\t\t\t<\/div>\n\t\t\t<div  class=\"ms-slide\" data-delay=\"3\" data-fill-mode=\"fill\"   >\n\t\t\t\t\t<img decoding=\"async\" src=\"https:\/\/vathisthea.gr\/wp-content\/plugins\/masterslider\/public\/assets\/css\/blank.gif\" alt=\"\" title=\"\" data-src=\"https:\/\/vathisthea.gr\/wp-content\/uploads\/2021\/11\/kastro-orias.jpg\" \/>\n\n\n\t\t\t\t<\/div>\n\t\t\t<div  class=\"ms-slide\" data-delay=\"3\" data-fill-mode=\"fill\"   >\n\t\t\t\t\t<img decoding=\"async\" src=\"https:\/\/vathisthea.gr\/wp-content\/plugins\/masterslider\/public\/assets\/css\/blank.gif\" alt=\"\" title=\"\" data-src=\"https:\/\/vathisthea.gr\/wp-content\/uploads\/2021\/11\/ypovrixies-erevnes.jpg\" \/>\n\n\n\t\t\t\t<\/div>\n\n\t\t\t<\/div>\n\t\t\t<!-- END MasterSlider Main -->\n\n\t\t\t \n\t\t<\/div>\n\t\t<!-- END MasterSlider -->\n\n\t\t<script>\n\t\t( window.MSReady = window.MSReady || [] ).push( function( $ ) {\n\n\t\t\t\"use strict\";\n\t\t\tvar masterslider_29b4 = new MasterSlider();\n\n\t\t\t\/\/ slider controls\n\t\t\tmasterslider_29b4.control('arrows'     ,{ autohide:false, overVideo:true  });\n\t\t\t\/\/ slider setup\n\t\t\tmasterslider_29b4.setup(\"MS69e4df51a29b4\", {\n\t\t\t\twidth           : 960,\n\t\t\t\theight          : 640,\n\t\t\t\tminHeight       : 0,\n\t\t\t\tspace           : 10,\n\t\t\t\tstart           : 1,\n\t\t\t\tgrabCursor      : true,\n\t\t\t\tswipe           : true,\n\t\t\t\tmouse           : true,\n\t\t\t\tkeyboard        : false,\n\t\t\t\tlayout          : \"partialview\",\n\t\t\t\twheel           : false,\n\t\t\t\tautoplay        : false,\n                instantStartLayers:false,\n\t\t\t\tmobileBGVideo:false,\n\t\t\t\tloop            : true,\n\t\t\t\tshuffle         : false,\n\t\t\t\tpreload         : 7,\n\t\t\t\theightLimit     : true,\n\t\t\t\tautoHeight      : false,\n\t\t\t\tsmoothHeight    : true,\n\t\t\t\tendPause        : false,\n\t\t\t\toverPause       : true,\n\t\t\t\tfillMode        : \"fill\",\n\t\t\t\tcenterControls  : true,\n\t\t\t\tstartOnAppear   : false,\n\t\t\t\tlayersMode      : \"center\",\n\t\t\t\tautofillTarget  : \"\",\n\t\t\t\thideLayers      : false,\n\t\t\t\tfullscreenMargin: 0,\n\t\t\t\tspeed           : 20,\n\t\t\t\tdir             : \"h\",\n\t\t\t\tresponsive      : true,\n\t\t\t\ttabletWidth     : 768,\n\t\t\t\ttabletHeight    : null,\n\t\t\t\tphoneWidth      : 480,\n\t\t\t\tphoneHeight    : null,\n\t\t\t\tsizingReference : window,\n\t\t\t\tparallaxMode    : 'swipe',\n\t\t\t\tview            : \"fadeBasic\"\n\t\t\t});\n\n\t\t\t\n\t\t\twindow.masterslider_instances = window.masterslider_instances || [];\n\t\t\twindow.masterslider_instances.push( masterslider_29b4 );\n\t\t});\n\t\t<\/script>\n\n\n<\/div><\/div><style type=\"text\/css\">.fusion-body .fusion-builder-column-2{width:100% !important;margin-top : 0px;margin-bottom : 0px;}.fusion-builder-column-2 > .fusion-column-wrapper {padding-top : 0px !important;padding-right : 0px !important;margin-right : 1.92%;padding-bottom : 0 !important;padding-left : 0px !important;margin-left : 1.92%;}@media only screen and (max-width:1075px) {.fusion-body .fusion-builder-column-2{width:100% !important;order : 0;}.fusion-builder-column-2 > .fusion-column-wrapper {margin-right : 1.92%;margin-left : 1.92%;}}@media only screen and (max-width:640px) {.fusion-body .fusion-builder-column-2{width:100% !important;order : 0;}.fusion-builder-column-2 > .fusion-column-wrapper {margin-right : 1.92%;margin-left : 1.92%;}}<\/style><\/div><\/div><style type=\"text\/css\">.fusion-body .fusion-flex-container.fusion-builder-row-3{ padding-top : 4%;margin-top : 0px;padding-right : 0px;padding-bottom : 0px;margin-bottom : 0;padding-left : 0px;}<\/style><\/div><\/p>\n","protected":false},"excerpt":{"rendered":"","protected":false},"author":2,"featured_media":0,"parent":0,"menu_order":0,"comment_status":"closed","ping_status":"closed","template":"100-width.php","meta":{"footnotes":""},"class_list":["post-4830","page","type-page","status-publish","hentry"],"_links":{"self":[{"href":"https:\/\/vathisthea.gr\/it\/wp-json\/wp\/v2\/pages\/4830","targetHints":{"allow":["GET"]}}],"collection":[{"href":"https:\/\/vathisthea.gr\/it\/wp-json\/wp\/v2\/pages"}],"about":[{"href":"https:\/\/vathisthea.gr\/it\/wp-json\/wp\/v2\/types\/page"}],"author":[{"embeddable":true,"href":"https:\/\/vathisthea.gr\/it\/wp-json\/wp\/v2\/users\/2"}],"replies":[{"embeddable":true,"href":"https:\/\/vathisthea.gr\/it\/wp-json\/wp\/v2\/comments?post=4830"}],"version-history":[{"count":5,"href":"https:\/\/vathisthea.gr\/it\/wp-json\/wp\/v2\/pages\/4830\/revisions"}],"predecessor-version":[{"id":4835,"href":"https:\/\/vathisthea.gr\/it\/wp-json\/wp\/v2\/pages\/4830\/revisions\/4835"}],"wp:attachment":[{"href":"https:\/\/vathisthea.gr\/it\/wp-json\/wp\/v2\/media?parent=4830"}],"curies":[{"name":"wp","href":"https:\/\/api.w.org\/{rel}","templated":true}]}}